{"id":336,"date":"2020-08-18T13:04:17","date_gmt":"2020-08-18T13:04:17","guid":{"rendered":"https:\/\/i-micro.com\/v6\/?page_id=336"},"modified":"2020-10-14T21:31:21","modified_gmt":"2020-10-15T02:31:21","slug":"quienes-somos","status":"publish","type":"page","link":"https:\/\/i-micro.com\/v6\/quienes-somos\/","title":{"rendered":"\u00bfQui\u00e9nes somos?"},"content":{"rendered":"\t\t<div data-elementor-type=\"wp-page\" data-elementor-id=\"336\" class=\"elementor elementor-336\">\n\t\t\t\t\t\t<div class=\"elementor-inner\">\n\t\t\t\t<div class=\"elementor-section-wrap\">\n\t\t\t\t\t\t\t\t\t<section class=\"elementor-section elementor-top-section elementor-element elementor-element-ea16f4f elementor-section-full_width elementor-section-height-default elementor-section-height-default\" data-id=\"ea16f4f\" data-element_type=\"section\" data-settings=\"{&quot;background_background&quot;:&quot;classic&quot;}\">\n\t\t\t\t\t\t<div class=\"elementor-container elementor-column-gap-no\">\n\t\t\t\t\t\t\t<div class=\"elementor-row\">\n\t\t\t\t\t<div class=\"elementor-column elementor-col-100 elementor-top-column elementor-element elementor-element-fa7e35e\" data-id=\"fa7e35e\" data-element_type=\"column\">\n\t\t\t<div class=\"elementor-column-wrap elementor-element-populated\">\n\t\t\t\t\t\t\t<div class=\"elementor-widget-wrap\">\n\t\t\t\t\t\t\t\t<\/div>\n\t\t\t\t\t<\/div>\n\t\t<\/div>\n\t\t\t\t\t\t\t\t<\/div>\n\t\t\t\t\t<\/div>\n\t\t<\/section>\n\t\t\t\t<section class=\"elementor-section elementor-top-section elementor-element elementor-element-966aca3 elementor-section-boxed elementor-section-height-default elementor-section-height-default\" data-id=\"966aca3\" data-element_type=\"section\">\n\t\t\t\t\t\t<div class=\"elementor-container elementor-column-gap-default\">\n\t\t\t\t\t\t\t<div class=\"elementor-row\">\n\t\t\t\t\t<div class=\"elementor-column elementor-col-100 elementor-top-column elementor-element elementor-element-624401c\" data-id=\"624401c\" data-element_type=\"column\">\n\t\t\t<div class=\"elementor-column-wrap elementor-element-populated\">\n\t\t\t\t\t\t\t<div class=\"elementor-widget-wrap\">\n\t\t\t\t\t\t<div class=\"elementor-element elementor-element-9209b4c elementor-widget elementor-widget-heading\" data-id=\"9209b4c\" data-element_type=\"widget\" data-widget_type=\"heading.default\">\n\t\t\t\t<div class=\"elementor-widget-container\">\n\t\t\t<h1 class=\"elementor-heading-title elementor-size-xl\">\u00bfQui\u00e9nes Somos?<\/h1>\t\t<\/div>\n\t\t\t\t<\/div>\n\t\t\t\t\t\t<\/div>\n\t\t\t\t\t<\/div>\n\t\t<\/div>\n\t\t\t\t\t\t\t\t<\/div>\n\t\t\t\t\t<\/div>\n\t\t<\/section>\n\t\t\t\t<section class=\"elementor-section elementor-top-section elementor-element elementor-element-83e30b3 elementor-section-full_width elementor-section-height-default elementor-section-height-default\" data-id=\"83e30b3\" data-element_type=\"section\">\n\t\t\t\t\t\t<div class=\"elementor-container elementor-column-gap-default\">\n\t\t\t\t\t\t\t<div class=\"elementor-row\">\n\t\t\t\t\t<div class=\"elementor-column elementor-col-25 elementor-top-column elementor-element elementor-element-8da6d0a\" data-id=\"8da6d0a\" data-element_type=\"column\">\n\t\t\t<div class=\"elementor-column-wrap\">\n\t\t\t\t\t\t\t<div class=\"elementor-widget-wrap\">\n\t\t\t\t\t\t\t\t<\/div>\n\t\t\t\t\t<\/div>\n\t\t<\/div>\n\t\t\t\t<div class=\"elementor-column elementor-col-25 elementor-top-column elementor-element elementor-element-3124ef9\" data-id=\"3124ef9\" data-element_type=\"column\">\n\t\t\t<div class=\"elementor-column-wrap elementor-element-populated\">\n\t\t\t\t\t\t\t<div class=\"elementor-widget-wrap\">\n\t\t\t\t\t\t<div class=\"elementor-element elementor-element-4a1632e elementor-widget elementor-widget-text-editor\" data-id=\"4a1632e\" data-element_type=\"widget\" data-widget_type=\"text-editor.default\">\n\t\t\t\t<div class=\"elementor-widget-container\">\n\t\t\t\t\t\t\t\t<div class=\"elementor-text-editor elementor-clearfix\">\n\t\t\t\t<span style=\"color: #3fae29; font-size: 24px;\">Ingenier\u00eda en Microcontroladores es una empresa mexicana enfocada a:<\/span>\n<ul style=\"font-size: 20px;\">\n \t<li>El campo de la investigaci\u00f3n en el \u00e1rea Electr\u00f3nica.<\/li>\n \t<li>El desarrollo de proyectos y soluciones espec\u00edficas.<\/li>\n \t<li>La capacitaci\u00f3n y ense\u00f1anza de la electr\u00f3nica.<\/li>\n \t<li>Venta de kits para la industria y ense\u00f1anza.<\/li>\n \t<li>Dise\u00f1o y fabricaci\u00f3n de circuitos impresos.<\/li>\n<\/ul>\t\t\t\t\t<\/div>\n\t\t\t\t\t\t<\/div>\n\t\t\t\t<\/div>\n\t\t\t\t<div class=\"elementor-element elementor-element-cda40f6 elementor-widget elementor-widget-image\" data-id=\"cda40f6\" data-element_type=\"widget\" data-widget_type=\"image.default\">\n\t\t\t\t<div class=\"elementor-widget-container\">\n\t\t\t\t\t\t\t\t<div class=\"elementor-image\">\n\t\t\t\t\t\t\t\t\t\t\t\t<img loading=\"lazy\" decoding=\"async\" width=\"250\" height=\"140\" src=\"https:\/\/i-micro.com\/v6\/wp-content\/uploads\/2020\/09\/logo-microchip.jpg\" class=\"attachment-large size-large wp-image-989\" alt=\"\" \/>\t\t\t\t\t\t\t\t\t\t\t\t\t\t<\/div>\n\t\t\t\t\t\t<\/div>\n\t\t\t\t<\/div>\n\t\t\t\t\t\t<\/div>\n\t\t\t\t\t<\/div>\n\t\t<\/div>\n\t\t\t\t<div class=\"elementor-column elementor-col-25 elementor-top-column elementor-element elementor-element-efa725c\" data-id=\"efa725c\" data-element_type=\"column\">\n\t\t\t<div class=\"elementor-column-wrap elementor-element-populated\">\n\t\t\t\t\t\t\t<div class=\"elementor-widget-wrap\">\n\t\t\t\t\t\t<div class=\"elementor-element elementor-element-d32c036 elementor-widget elementor-widget-image\" data-id=\"d32c036\" data-element_type=\"widget\" data-widget_type=\"image.default\">\n\t\t\t\t<div class=\"elementor-widget-container\">\n\t\t\t\t\t\t\t\t<div class=\"elementor-image\">\n\t\t\t\t\t\t\t\t\t\t\t\t<img loading=\"lazy\" decoding=\"async\" width=\"750\" height=\"500\" src=\"https:\/\/i-micro.com\/v6\/wp-content\/uploads\/2020\/09\/quienes_somos2.jpg\" class=\"attachment-large size-large wp-image-754\" alt=\"\" srcset=\"https:\/\/i-micro.com\/v6\/wp-content\/uploads\/2020\/09\/quienes_somos2.jpg 750w, https:\/\/i-micro.com\/v6\/wp-content\/uploads\/2020\/09\/quienes_somos2-600x400.jpg 600w, https:\/\/i-micro.com\/v6\/wp-content\/uploads\/2020\/09\/quienes_somos2-300x200.jpg 300w\" sizes=\"(max-width: 750px) 100vw, 750px\" \/>\t\t\t\t\t\t\t\t\t\t\t\t\t\t<\/div>\n\t\t\t\t\t\t<\/div>\n\t\t\t\t<\/div>\n\t\t\t\t\t\t<\/div>\n\t\t\t\t\t<\/div>\n\t\t<\/div>\n\t\t\t\t<div class=\"elementor-column elementor-col-25 elementor-top-column elementor-element elementor-element-3acc4bb\" data-id=\"3acc4bb\" data-element_type=\"column\">\n\t\t\t<div class=\"elementor-column-wrap elementor-element-populated\">\n\t\t\t\t\t\t\t<div class=\"elementor-widget-wrap\">\n\t\t\t\t\t\t<div class=\"elementor-element elementor-element-52a37fc elementor-widget elementor-widget-text-editor\" data-id=\"52a37fc\" data-element_type=\"widget\" data-widget_type=\"text-editor.default\">\n\t\t\t\t<div class=\"elementor-widget-container\">\n\t\t\t\t\t\t\t\t<div class=\"elementor-text-editor elementor-clearfix\">\n\t\t\t\t\t\t\t\t\t<\/div>\n\t\t\t\t\t\t<\/div>\n\t\t\t\t<\/div>\n\t\t\t\t\t\t<\/div>\n\t\t\t\t\t<\/div>\n\t\t<\/div>\n\t\t\t\t\t\t\t\t<\/div>\n\t\t\t\t\t<\/div>\n\t\t<\/section>\n\t\t\t\t<section class=\"elementor-section elementor-top-section elementor-element elementor-element-b9ad022 elementor-section-stretched elementor-section-boxed elementor-section-height-default elementor-section-height-default\" data-id=\"b9ad022\" data-element_type=\"section\" data-settings=\"{&quot;stretch_section&quot;:&quot;section-stretched&quot;,&quot;background_background&quot;:&quot;classic&quot;}\">\n\t\t\t\t\t\t<div class=\"elementor-container elementor-column-gap-wider\">\n\t\t\t\t\t\t\t<div class=\"elementor-row\">\n\t\t\t\t\t<div class=\"elementor-column elementor-col-25 elementor-top-column elementor-element elementor-element-f8ad6a6\" data-id=\"f8ad6a6\" data-element_type=\"column\">\n\t\t\t<div class=\"elementor-column-wrap elementor-element-populated\">\n\t\t\t\t\t\t\t<div class=\"elementor-widget-wrap\">\n\t\t\t\t\t\t<div class=\"elementor-element elementor-element-f272854 elementor-view-default elementor-mobile-position-top elementor-vertical-align-top elementor-widget elementor-widget-icon-box\" data-id=\"f272854\" data-element_type=\"widget\" data-widget_type=\"icon-box.default\">\n\t\t\t\t<div class=\"elementor-widget-container\">\n\t\t\t\t\t<div class=\"elementor-icon-box-wrapper\">\n\t\t\t\t\t\t<div class=\"elementor-icon-box-icon\">\n\t\t\t\t<span class=\"elementor-icon elementor-animation-\" >\n\t\t\t\t<svg xmlns=\"http:\/\/www.w3.org\/2000\/svg\" xmlns:xlink=\"http:\/\/www.w3.org\/1999\/xlink\" id=\"Capa_1\" x=\"0px\" y=\"0px\" width=\"792px\" height=\"553.369px\" viewBox=\"0 0 792 553.369\" xml:space=\"preserve\">\n<title><\/title>\n<path fill=\"#4C4C4C\" d=\"M133.375,196.944v198.118c-0.065,14.093,5.911,27.536,16.414,36.932  c140.56,124.429,351.864,124.429,492.423,0c10.503-9.396,16.479-22.839,16.414-36.932V196.944H133.375z\"><\/path>\n<path fill=\"#353535\" d=\"M150.445,236.01h508.181v-39.066H133.375v198.118c-0.019,14.339,6.215,27.974,17.07,37.343V236.01z\"><\/path>\n<path fill=\"#353535\" d=\"M133.375,196.944v61.389l290.529,145.182c9.741,4.863,21.201,4.863,30.94,0l150.437-75.258  c10.418-5.213,23.089-0.994,28.3,9.424c1.469,2.934,2.231,6.171,2.229,9.451v47.848c0.042,14.063-5.931,27.474-16.414,36.85  c-64.88,57.724-148,90.787-234.803,93.396c94.668,2.933,186.861-30.52,257.62-93.479c10.439-9.337,16.409-22.679,16.414-36.686  V196.944H133.375z\"><\/path>\n<path fill=\"#666666\" d=\"M380.489,3.668L11.664,188.244c-8.544,4.298-11.987,14.708-7.69,23.251c1.671,3.322,4.368,6.018,7.69,7.689  l368.825,184.33c9.74,4.863,21.201,4.863,30.94,0l368.908-184.412c8.544-4.298,11.985-14.708,7.688-23.251  c-1.671-3.322-4.366-6.018-7.688-7.689L411.513,3.668C401.75-1.222,390.251-1.222,380.489,3.668z\"><\/path>\n<path fill=\"#545454\" d=\"M39.322,219.678c-8.839-4.419-12.423-15.166-8.005-24.003c1.731-3.465,4.54-6.274,8.005-8.006  c0,0,350.194-188.762,341.249-184.001L11.664,188.244c-8.544,4.298-11.987,14.708-7.69,23.251c1.671,3.322,4.368,6.018,7.69,7.689  l368.825,184.33C389.434,408.03,39.322,219.678,39.322,219.678z\"><\/path>\n<path fill=\"#545454\" d=\"M752.678,219.678c8.84-4.419,12.424-15.166,8.007-24.003c-1.731-3.465-4.541-6.274-8.007-8.006  c0,0-350.194-188.762-341.249-184.001l368.908,184.495c8.544,4.298,11.985,14.708,7.688,23.251  c-1.671,3.322-4.366,6.018-7.688,7.689L411.513,403.515C402.566,408.03,752.678,219.678,752.678,219.678z\"><\/path>\n<path fill=\"#E5E5E5\" d=\"M171.947,525.226V307.493c0.003-6.229,3.532-11.921,9.11-14.691l207.638-104.065  c8.113-4.057,17.979-0.768,22.036,7.346c4.057,8.113,0.768,17.978-7.346,22.035l-198.61,99.47v207.639  c0,9.064-7.349,16.414-16.414,16.414S171.947,534.29,171.947,525.226z\"><\/path>\n<path fill=\"#D1D1D1\" d=\"M404.7,189.721c5.236,7.401,3.481,17.645-3.919,22.881c-0.659,0.466-1.352,0.883-2.072,1.247  l-195.903,98.485c-2.845,1.395-4.634,4.301-4.595,7.47l1.887,200.908c-0.027,9.065-7.398,16.393-16.463,16.363  c-3.059-0.008-6.056-0.873-8.65-2.494c5.236,7.401,15.479,9.156,22.879,3.921c4.599-3.254,7.208-8.636,6.912-14.262V317.587  l197.708-98.484c8.414-3.374,12.499-12.931,9.126-21.344C410.259,194.389,407.828,191.563,404.7,189.721z\"><\/path>\n<circle fill=\"#FFDF5A\" cx=\"188.361\" cy=\"519.655\" r=\"32.828\"><\/circle>\n<path fill=\"#C6A82A\" d=\"M210.521,495.607c28.396,30.694-15.676,74.521-46.288,46.288c11.793,13.771,32.517,15.373,46.288,3.581  c13.771-11.793,15.374-32.517,3.581-46.287C213.002,497.905,211.805,496.706,210.521,495.607z\"><\/path>\n<path fill=\"#FFEDA1\" d=\"M212.326,497.411c-11.402-14.096-32.072-16.279-46.169-4.878c-14.097,11.402-16.281,32.072-4.879,46.17  c1.463,1.808,3.113,3.455,4.924,4.915C137.56,513.006,181.632,468.443,212.326,497.411z\"><\/path>\n<\/svg>\t\t\t\t<\/span>\n\t\t\t<\/div>\n\t\t\t\t\t\t<div class=\"elementor-icon-box-content\">\n\t\t\t\t<h3 class=\"elementor-icon-box-title\">\n\t\t\t\t\t<span  >\n\t\t\t\t\t\tExperiencia\t\t\t\t\t<\/span>\n\t\t\t\t<\/h3>\n\t\t\t\t\t\t\t<\/div>\n\t\t<\/div>\n\t\t\t\t<\/div>\n\t\t\t\t<\/div>\n\t\t\t\t\t\t<\/div>\n\t\t\t\t\t<\/div>\n\t\t<\/div>\n\t\t\t\t<div class=\"elementor-column elementor-col-25 elementor-top-column elementor-element elementor-element-896add9\" data-id=\"896add9\" data-element_type=\"column\">\n\t\t\t<div class=\"elementor-column-wrap elementor-element-populated\">\n\t\t\t\t\t\t\t<div class=\"elementor-widget-wrap\">\n\t\t\t\t\t\t<div class=\"elementor-element elementor-element-3f1e2c0 elementor-view-default elementor-mobile-position-top elementor-vertical-align-top elementor-widget elementor-widget-icon-box\" data-id=\"3f1e2c0\" data-element_type=\"widget\" data-widget_type=\"icon-box.default\">\n\t\t\t\t<div class=\"elementor-widget-container\">\n\t\t\t\t\t<div class=\"elementor-icon-box-wrapper\">\n\t\t\t\t\t\t<div class=\"elementor-icon-box-icon\">\n\t\t\t\t<span class=\"elementor-icon elementor-animation-\" >\n\t\t\t\t<svg xmlns=\"http:\/\/www.w3.org\/2000\/svg\" xmlns:xlink=\"http:\/\/www.w3.org\/1999\/xlink\" id=\"Capa_1\" x=\"0px\" y=\"0px\" width=\"610.006px\" height=\"612px\" viewBox=\"0 0 610.006 612\" xml:space=\"preserve\">\n<path fill=\"#FFCC66\" d=\"M134.345,171.394v276.978c0,18.016,14.726,32.716,32.668,32.716h277.002c18.005,0,32.693-14.7,32.693-32.716  V171.394c0-17.941-14.688-32.681-32.693-32.681H167.014C149.071,138.713,134.345,153.451,134.345,171.394z\"><\/path>\n<g id=\"_x33_3\">\n\t<path fill=\"#666666\" d=\"M484.691,70.349h-358.28c-33.313,0-60.43,27.104-60.43,60.442V489.06c0,33.286,27.117,60.379,60.43,60.379   h358.28c33.287,0,60.396-27.093,60.396-60.379V130.791C545.085,97.453,517.98,70.349,484.691,70.349z M507.936,488.239   c0,13.298-10.768,24.104-24.053,24.104H127.171c-13.272,0-24.03-10.809-24.03-24.104V131.53c0-13.238,10.758-24.041,24.03-24.041   h356.709c13.283,0,24.053,10.809,24.053,24.041v356.709H507.936z\"><\/path>\n\t<path fill=\"#666666\" d=\"M177.01,51.334h-45.144V11.669c0-5.361,4.338-9.686,9.674-9.686h25.768c5.362,0,9.7,4.325,9.7,9.686v39.665   H177.01z M277.742,11.671c0-5.361-4.358-9.684-9.686-9.684h-25.77c-5.361,0-9.674,4.323-9.674,9.684v39.665h45.13V11.671z    M378.479,11.671c0-5.361-4.338-9.684-9.688-9.684h-25.78c-5.365,0-9.676,4.323-9.676,9.684v39.665h45.144V11.671z M469.537,1.987   h-25.792c-5.349,0-9.686,4.323-9.686,9.684v39.663h45.128V11.669C479.188,6.312,474.865,1.987,469.537,1.987z M0,444.68v25.761   c0,5.336,4.338,9.697,9.675,9.697h39.686v-45.153H9.678C4.338,434.981,0,439.329,0,444.68z M0,343.923v25.784   c0,5.347,4.338,9.695,9.675,9.695h39.686v-45.153H9.678C4.338,334.247,0,338.593,0,343.923z M0,243.199v25.805   c0,5.349,4.338,9.65,9.675,9.65h39.686v-45.106H9.678C4.338,233.551,0,237.85,0,243.199z M0,142.454v25.816   c0,5.338,4.338,9.651,9.675,9.651h39.686v-45.13H9.678C4.338,132.792,0,137.118,0,142.454z M432.995,602.317   c0,5.361,4.339,9.687,9.675,9.687h25.793c5.336,0,9.675-4.325,9.675-9.687v-39.675h-45.143V602.317z M332.262,602.317   c0,5.361,4.327,9.687,9.665,9.687h25.792c5.361,0,9.674-4.325,9.674-9.687v-39.675H332.26v39.675H332.262z M231.526,602.317   c0,5.361,4.338,9.687,9.688,9.687h25.783c5.361,0,9.661-4.325,9.661-9.687v-39.675h-45.132V602.317L231.526,602.317z    M130.819,602.317c0,5.361,4.325,9.687,9.649,9.687h25.792c5.35,0,9.674-4.325,9.674-9.687v-39.675h-45.118v39.675H130.819z    M600.33,133.854h-39.683v45.167h39.683c5.338,0,9.676-4.36,9.676-9.709v-25.76C610.006,138.214,605.668,133.854,600.33,133.854z    M600.33,234.611h-39.683v45.13h39.683c5.338,0,9.676-4.358,9.676-9.686v-25.77C610.006,238.935,605.668,234.611,600.33,234.611z    M600.33,335.328h-39.683v45.108h39.683c5.338,0,9.676-4.301,9.676-9.65v-25.805C610.006,339.657,605.668,335.328,600.33,335.328z    M600.33,436.067h-39.683v45.118h39.683c5.338,0,9.676-4.313,9.676-9.651v-25.816C610.006,440.393,605.668,436.067,600.33,436.067z   \"><\/path>\n<\/g>\n<g id=\"Layer_1\">\n<\/g>\n<path fill=\"#CCA352\" d=\"M460.274,143.105c2.776,4.801,4.393,10.342,4.393,16.247V436.33c0,18.017-14.688,32.717-32.692,32.717  H154.972c-5.897,0-11.431-1.612-16.225-4.386c5.667,9.796,16.231,16.427,28.267,16.427h277.002c18.005,0,32.693-14.7,32.693-32.716  V171.394C476.709,159.35,470.074,148.774,460.274,143.105z\"><\/path>\n<\/svg>\t\t\t\t<\/span>\n\t\t\t<\/div>\n\t\t\t\t\t\t<div class=\"elementor-icon-box-content\">\n\t\t\t\t<h3 class=\"elementor-icon-box-title\">\n\t\t\t\t\t<span  >\n\t\t\t\t\t\tConocimiento\t\t\t\t\t<\/span>\n\t\t\t\t<\/h3>\n\t\t\t\t\t\t\t<\/div>\n\t\t<\/div>\n\t\t\t\t<\/div>\n\t\t\t\t<\/div>\n\t\t\t\t\t\t<\/div>\n\t\t\t\t\t<\/div>\n\t\t<\/div>\n\t\t\t\t<div class=\"elementor-column elementor-col-25 elementor-top-column elementor-element elementor-element-564f084\" data-id=\"564f084\" data-element_type=\"column\">\n\t\t\t<div class=\"elementor-column-wrap elementor-element-populated\">\n\t\t\t\t\t\t\t<div class=\"elementor-widget-wrap\">\n\t\t\t\t\t\t<div class=\"elementor-element elementor-element-7668fe9 elementor-view-default elementor-mobile-position-top elementor-vertical-align-top elementor-widget elementor-widget-icon-box\" data-id=\"7668fe9\" data-element_type=\"widget\" data-widget_type=\"icon-box.default\">\n\t\t\t\t<div class=\"elementor-widget-container\">\n\t\t\t\t\t<div class=\"elementor-icon-box-wrapper\">\n\t\t\t\t\t\t<div class=\"elementor-icon-box-icon\">\n\t\t\t\t<span class=\"elementor-icon elementor-animation-\" >\n\t\t\t\t<svg xmlns=\"http:\/\/www.w3.org\/2000\/svg\" xmlns:xlink=\"http:\/\/www.w3.org\/1999\/xlink\" height=\"64px\" id=\"Layer_1\" style=\"enable-background:new 0 0 64 64;\" viewBox=\"0 0 64 64\" width=\"64px\" xml:space=\"preserve\"><g id=\"Handles\"><g><path d=\"M56,4c-7,0-8,6-8,8s0,4,2,4s2-2,2-4s1-4,4-4s4,2,4,4c0,10-12,16-18,16H22c-6,0-18-6-18-16    c0-2,1-4,4-4s4,2,4,4s0,4,2,4s2-2,2-4s-1-8-8-8c-5,0-8,4-8,8c0,12,14,20,22,20h20c8,0,22-8,22-20C64,8,61,4,56,4z\" style=\"fill:#E6B85C;\"><\/path><\/g><\/g><g id=\"Cup\"><g><path d=\"M50,4c0-2.001,0-4-2-4S18,0,16,0s-2,1.999-2,4c0,34,14,30,14,34v4c0,4-6,2-6,6h20c0-4-6-2-6-6v-4    C36,34,50,38,50,4z\" style=\"fill:#FFCC66;\"><\/path><\/g><\/g><g id=\"Stand\"><g><path d=\"M50,52H14c-1.104,0-2,0.895-2,2v8c0,1.104,0.896,2,2,2h36c1.104,0,2-0.896,2-2v-8    C52,52.895,51.104,52,50,52z\" style=\"fill:#666666;\"><\/path><\/g><\/g><g id=\"Plate\"><g><rect height=\"4\" style=\"fill:#E6E6E6;\" width=\"20\" x=\"22\" y=\"56\"><\/rect><\/g><\/g><g id=\"Base_1_\"><g><path d=\"M42,48H22c0,0-6,0-6,4h32C48,48,42,48,42,48z M28,42h8    c1.104,0,2-0.896,2-2c0-1.105-0.896-2-2-2h-8c-1.104,0-2,0.895-2,2C26,41.104,26.896,42,28,42z\" style=\"fill-rule:evenodd;clip-rule:evenodd;fill:#E6B85C;\"><\/path><\/g><\/g><g id=\"_x31_\"><g><path d=\"M36,19.999h-2v-10v-2v-2h-2c-0.744,0-1.387,0.411-1.73,1.015    l-3.7,3.701c-0.75,0.749-0.75,1.966,0,2.715c0.749,0.75,1.965,0.75,2.715,0L30,12.714v7.285h-2c-1.105,0-2,0.896-2,2s0.895,2,2,2    h8c1.104,0,2-0.896,2-2S37.104,19.999,36,19.999z\" style=\"fill-rule:evenodd;clip-rule:evenodd;fill:#CCA352;\"><\/path><\/g><\/g><g><\/g><g><\/g><g><\/g><g><\/g><g><\/g><g><\/g><g><\/g><g><\/g><g><\/g><g><\/g><g><\/g><g><\/g><g><\/g><g><\/g><g><\/g><\/svg>\t\t\t\t<\/span>\n\t\t\t<\/div>\n\t\t\t\t\t\t<div class=\"elementor-icon-box-content\">\n\t\t\t\t<h3 class=\"elementor-icon-box-title\">\n\t\t\t\t\t<span  >\n\t\t\t\t\t\tDisciplina\t\t\t\t\t<\/span>\n\t\t\t\t<\/h3>\n\t\t\t\t\t\t\t<\/div>\n\t\t<\/div>\n\t\t\t\t<\/div>\n\t\t\t\t<\/div>\n\t\t\t\t\t\t<\/div>\n\t\t\t\t\t<\/div>\n\t\t<\/div>\n\t\t\t\t<div class=\"elementor-column elementor-col-25 elementor-top-column elementor-element elementor-element-6c5a9f6\" data-id=\"6c5a9f6\" data-element_type=\"column\">\n\t\t\t<div class=\"elementor-column-wrap elementor-element-populated\">\n\t\t\t\t\t\t\t<div class=\"elementor-widget-wrap\">\n\t\t\t\t\t\t<div class=\"elementor-element elementor-element-387b7d6 elementor-view-default elementor-mobile-position-top elementor-vertical-align-top elementor-widget elementor-widget-icon-box\" data-id=\"387b7d6\" data-element_type=\"widget\" data-widget_type=\"icon-box.default\">\n\t\t\t\t<div class=\"elementor-widget-container\">\n\t\t\t\t\t<div class=\"elementor-icon-box-wrapper\">\n\t\t\t\t\t\t<div class=\"elementor-icon-box-icon\">\n\t\t\t\t<span class=\"elementor-icon elementor-animation-\" >\n\t\t\t\t<svg xmlns=\"http:\/\/www.w3.org\/2000\/svg\" xmlns:xlink=\"http:\/\/www.w3.org\/1999\/xlink\" id=\"Layer_1\" x=\"0px\" y=\"0px\" width=\"200px\" height=\"126.697px\" viewBox=\"0 0 200 126.697\" xml:space=\"preserve\">\n<g>\n\t<path fill=\"#FFCC66\" d=\"M167.354,68.381L147.73,29.036c-0.223-0.435-0.517-0.84-0.891-1.179c-0.375-0.338-0.795-0.586-1.232-0.743   l-23.01-8.27c-1.604-0.576-3.32-0.885-5.107-0.869c-1.785,0.019-3.494,0.362-5.09,0.969l-17.458,6.66   c-1.229,0.47-2.449,1.01-3.652,1.625c-0.402,0.208-0.797,0.433-1.19,0.654c-1.318-0.714-2.694-1.343-4.13-1.878   c-4.58-1.712-9.27-2.29-13.809-1.902l-11.746,1.008c-0.511,0.044-1.027,0.202-1.509,0.485c-0.482,0.284-0.88,0.667-1.193,1.11   L31.265,64.357c-0.545,0.772-0.836,1.757-0.747,2.798c0.087,1.041,0.535,1.954,1.197,2.61l11.504,11.401   c-0.631,1.154-1.031,2.451-1.123,3.84c-0.166,2.494,0.653,4.902,2.299,6.781c1.648,1.877,3.927,3.002,6.423,3.166   c0.133,0.008,0.268,0.008,0.403,0.014c-1.023,3.307-0.186,7.062,2.479,9.585c1.595,1.51,3.64,2.389,5.813,2.529   c-1.4,3.471-0.643,7.609,2.218,10.316c1.745,1.654,4.027,2.563,6.432,2.563c2.504,0,4.84-0.979,6.604-2.744   c0.656,4.238,4.177,7.617,8.63,7.908c0.205,0.014,0.415,0.023,0.62,0.023c1.138,0,2.228-0.215,3.242-0.594   c1.656,1.104,3.63,1.713,5.731,1.627c2.582-0.107,4.898-1.246,6.63-3.029l-6.327-6.313c0.015-0.146,0.042-0.285,0.048-0.438   c0.082-1.24-0.088-2.439-0.457-3.555l12.949,12.916c1.634,0.666,3.412,0.998,5.265,0.924c3.705-0.152,7.006-1.902,9.344-4.609   l1.297-1.504c0.119-0.141,0.212-0.301,0.291-0.473l-19.937-19.882c-0.514-0.51-0.555-1.355-0.099-1.889   c0.457-0.53,1.249-0.549,1.759-0.039l23.711,23.644c1.292,0.453,2.675,0.674,4.112,0.615c3.258-0.133,6.165-1.672,8.22-4.057   l3.131-3.625c0.718-0.836,1.146-1.963,1.106-3.189l-20.807-20.744c-0.509-0.51-0.555-1.359-0.099-1.889   c0.46-0.53,1.25-0.549,1.759-0.039l20.905,20.845c0.858,0.229,1.759,0.34,2.685,0.303c2.672-0.107,5.047-1.367,6.729-3.32   l0.841-0.975c1.684-1.949,2.676-4.588,2.574-7.458c-0.102-2.871-1.271-5.421-3.086-7.23l-5.581-5.564l1.41,1.404l15.09-13.626   c0.642-0.576,1.106-1.384,1.276-2.331C167.898,70.108,167.746,69.172,167.354,68.381z M51.08,90.918   c-1.415-0.092-2.709-0.729-3.646-1.797c-0.936-1.065-1.398-2.433-1.304-3.851c0.179-2.782,2.509-4.962,5.291-4.962   c0.118,0,0.238,0.003,0.356,0.01c1.415,0.094,2.709,0.731,3.646,1.799c0.936,1.067,1.398,2.434,1.307,3.852   C56.536,88.87,54.015,91.116,51.08,90.918z M60.127,103.068c-1.363,0-2.659-0.514-3.649-1.451   c-2.101-1.986-2.215-5.332-0.265-7.449c0.101-0.104,2.173-2.297,3.167-3.342l0.522-0.556c1.014-1.069,2.384-1.659,3.858-1.659   c1.364,0,2.661,0.516,3.649,1.455c1.031,0.975,1.622,2.291,1.66,3.711c0.039,1.415-0.477,2.764-1.451,3.793l-1.478,1.563   c-0.316,0.332-0.655,0.691-1.002,1.057c-0.055,0.063-0.116,0.124-0.169,0.182c-0.258,0.271-0.486,0.511-0.663,0.697   c-0.101,0.109-0.202,0.217-0.306,0.324c-0.026,0.025-0.046,0.049-0.048,0.053C62.946,102.492,61.585,103.068,60.127,103.068z    M71.984,114.295c-1.009,1.049-2.366,1.623-3.823,1.623c-1.364,0-2.663-0.516-3.65-1.455c-2.1-1.984-2.215-5.332-0.271-7.438   c0.046-0.049,1.263-1.338,2.642-2.793l0,0l1.024-1.082c1.793-1.898,2.381-2.514,2.579-2.73c0.023-0.021,0.05-0.045,0.069-0.067l0,0   l0.004-0.003c0.173-0.188,0.274-0.291,0.277-0.294c1.012-1.069,2.384-1.661,3.859-1.661c1.364,0,2.658,0.516,3.649,1.454   c1.031,0.975,1.619,2.293,1.658,3.709c0.039,1.422-0.477,2.77-1.455,3.803C78.451,107.461,72.189,114.076,71.984,114.295z    M83.66,121.096c-2.922-0.195-5.144-2.729-4.951-5.648c0.183-2.785,2.504-4.965,5.29-4.965c0.118,0,0.238,0.004,0.356,0.012   c2.921,0.191,5.143,2.727,4.953,5.646C89.116,119.039,86.599,121.287,83.66,121.096z M148.585,84.245l-41.334-41.21l0,0   l0.466-1.177c0.241-0.614,0.211-1.339-0.143-1.949c-0.354-0.608-0.946-0.962-1.566-0.995l-3.072-0.184l0,0L99.58,38.53   l-0.255,3.978c-0.003,0.083-0.668,9.129-5.281,17.302c-4.729,8.388-10.995,11.278-11.95,11.465   c-1.067,0.207-2.186,0.404-3.116,0.404c-0.639,0-1.131-0.091-1.552-0.283l-1.569-0.728c-0.658-0.305-1.16-0.864-1.425-1.578   c-0.258-0.689-0.255-1.442,0-2.129l15.721-34.502l2.673-1.761l1.077-0.41h-0.002l19.758-7.536c1.241-0.473,2.543-0.721,3.864-0.733   l0.109-0.001c1.282,0,2.553,0.222,3.768,0.66l23.012,8.27l19.625,39.345L148.585,84.245z\"><\/path>\n\t<path fill=\"#666666\" d=\"M170.949,3.907l-15.534,7.745c-2.233,1.117-4.046,3.085-4.901,5.641c-0.855,2.557-0.591,5.218,0.521,7.457   l20.339,40.775c1.115,2.233,3.082,4.048,5.643,4.9c2.555,0.856,5.215,0.595,7.453-0.521L200,62.155L170.949,3.907z M184.43,62.179   c-2.063,0-3.742-1.673-3.742-3.739c0-2.068,1.679-3.745,3.742-3.745c2.066,0,3.744,1.677,3.744,3.745   C188.174,60.506,186.496,62.179,184.43,62.179z\"><\/path>\n\t<path fill=\"#666666\" d=\"M0,53.264l14.202,9.977c2.044,1.438,4.637,2.093,7.293,1.628c2.658-0.463,4.872-1.961,6.307-4.004   l26.193-37.286c1.439-2.043,2.094-4.639,1.631-7.293c-0.467-2.657-1.959-4.873-4.005-6.311L37.417,0L0,53.264z M12.25,51.35   c0.308-2.044,2.215-3.451,4.256-3.144c2.046,0.309,3.451,2.217,3.145,4.26c-0.309,2.046-2.214,3.453-4.259,3.142   C13.347,55.302,11.941,53.396,12.25,51.35z\"><\/path>\n<\/g>\n<\/svg>\t\t\t\t<\/span>\n\t\t\t<\/div>\n\t\t\t\t\t\t<div class=\"elementor-icon-box-content\">\n\t\t\t\t<h3 class=\"elementor-icon-box-title\">\n\t\t\t\t\t<span  >\n\t\t\t\t\t\tEste es el encabezado\t\t\t\t\t<\/span>\n\t\t\t\t<\/h3>\n\t\t\t\t\t\t\t<\/div>\n\t\t<\/div>\n\t\t\t\t<\/div>\n\t\t\t\t<\/div>\n\t\t\t\t\t\t<\/div>\n\t\t\t\t\t<\/div>\n\t\t<\/div>\n\t\t\t\t\t\t\t\t<\/div>\n\t\t\t\t\t<\/div>\n\t\t<\/section>\n\t\t\t\t\t\t\t\t\t<\/div>\n\t\t\t<\/div>\n\t\t\t\t\t<\/div>\n\t\t","protected":false},"excerpt":{"rendered":"<p>\u00bfQui\u00e9nes Somos? Ingenier\u00eda en Microcontroladores es una empresa mexicana enfocada a: El campo de la investigaci\u00f3n en el \u00e1rea Electr\u00f3nica. El desarrollo de proyectos y soluciones espec\u00edficas. La capacitaci\u00f3n y ense\u00f1anza de la electr\u00f3nica. Venta de kits para la industria y ense\u00f1anza. Dise\u00f1o y fabricaci\u00f3n de circuitos impresos. Experiencia Conocimiento Disciplina Este es el encabezado<\/p>\n","protected":false},"author":1,"featured_media":0,"parent":0,"menu_order":0,"comment_status":"closed","ping_status":"closed","template":"","meta":{"neve_meta_sidebar":"full-width","neve_meta_container":"","neve_meta_enable_content_width":"on","neve_meta_content_width":100,"neve_meta_title_alignment":"","neve_meta_author_avatar":"","neve_post_elements_order":"","neve_meta_disable_header":"","neve_meta_disable_footer":"","neve_meta_disable_title":"on","footnotes":""},"_links":{"self":[{"href":"https:\/\/i-micro.com\/v6\/wp-json\/wp\/v2\/pages\/336"}],"collection":[{"href":"https:\/\/i-micro.com\/v6\/wp-json\/wp\/v2\/pages"}],"about":[{"href":"https:\/\/i-micro.com\/v6\/wp-json\/wp\/v2\/types\/page"}],"author":[{"embeddable":true,"href":"https:\/\/i-micro.com\/v6\/wp-json\/wp\/v2\/users\/1"}],"replies":[{"embeddable":true,"href":"https:\/\/i-micro.com\/v6\/wp-json\/wp\/v2\/comments?post=336"}],"version-history":[{"count":67,"href":"https:\/\/i-micro.com\/v6\/wp-json\/wp\/v2\/pages\/336\/revisions"}],"predecessor-version":[{"id":1108,"href":"https:\/\/i-micro.com\/v6\/wp-json\/wp\/v2\/pages\/336\/revisions\/1108"}],"wp:attachment":[{"href":"https:\/\/i-micro.com\/v6\/wp-json\/wp\/v2\/media?parent=336"}],"curies":[{"name":"wp","href":"https:\/\/api.w.org\/{rel}","templated":true}]}}